{"id":5235,"date":"2021-10-01T09:50:33","date_gmt":"2021-10-01T07:50:33","guid":{"rendered":"https:\/\/www.regies.ch\/estimation\/"},"modified":"2025-10-01T18:01:06","modified_gmt":"2025-10-01T16:01:06","slug":"quotations","status":"publish","type":"page","link":"https:\/\/www.regies.ch\/en\/quotations\/","title":{"rendered":"Quotations"},"content":{"rendered":"\t\t<div data-elementor-type=\"wp-page\" data-elementor-id=\"5235\" class=\"elementor elementor-5235 elementor-105\" data-elementor-post-type=\"page\">\n\t\t\t\t\t\t<section class=\"elementor-section elementor-top-section elementor-element elementor-element-47ee0ac8 elementor-section-full_width elementor-section-height-default elementor-section-height-default\" data-id=\"47ee0ac8\" data-element_type=\"section\">\n\t\t\t\t\t\t<div class=\"elementor-container elementor-column-gap-default\">\n\t\t\t\t\t<div class=\"elementor-column elementor-col-100 elementor-top-column elementor-element elementor-element-31c71864\" data-id=\"31c71864\" data-element_type=\"column\">\n\t\t\t<div class=\"elementor-widget-wrap elementor-element-populated\">\n\t\t\t\t\t\t<div class=\"elementor-section elementor-inner-section elementor-element elementor-element-751335cf elementor-section-boxed elementor-section-height-default elementor-section-height-default\" data-id=\"751335cf\" data-element_type=\"section\">\n\t\t\t\t\t\t<div class=\"elementor-container elementor-column-gap-default\">\n\t\t\t\t\t<div class=\"elementor-column elementor-col-100 elementor-inner-column elementor-element elementor-element-2abb3b36\" data-id=\"2abb3b36\" data-element_type=\"column\">\n\t\t\t<div class=\"elementor-widget-wrap elementor-element-populated\">\n\t\t\t\t\t\t<div class=\"elementor-element elementor-element-41b942e4 elementor-invisible elementor-widget elementor-widget-bauen-title\" data-id=\"41b942e4\" data-element_type=\"widget\" data-settings=\"{&quot;_animation&quot;:&quot;fadeInUp&quot;}\" data-widget_type=\"bauen-title.default\">\n\t\t\t\t<div class=\"elementor-widget-container\">\n\t\t\t\t\t\t\t\n\t\t\t\n\t\t\t\t\t\t<h2 class=\"section-title text-left\">La R\u00e9gie du Mail <span class=\"text-color-red\"> quotation<\/span><\/h2>\n\t\t\t\t\n\t\t\t\t\t\t<p>La R\u00e9gie du Mail provides a high quality quotation service.<br>Your request will be dealt with as soon as possible by one of our associates.<\/p>\n\t\t\t\t\n        \n\t\t\t\n        \t\t\t\t<\/div>\n\t\t\t\t<\/div>\n\t\t\t\t\t<\/div>\n\t\t<\/div>\n\t\t\t\t\t<\/div>\n\t\t<\/div>\n\t\t\t\t\t<\/div>\n\t\t<\/div>\n\t\t\t\t\t<\/div>\n\t\t<\/section>\n\t\t\t\t<section class=\"elementor-section elementor-top-section elementor-element elementor-element-4ec533e elementor-section-boxed elementor-section-height-default elementor-section-height-default\" data-id=\"4ec533e\" data-element_type=\"section\">\n\t\t\t\t\t\t<div class=\"elementor-container elementor-column-gap-default\">\n\t\t\t\t\t<div class=\"elementor-column elementor-col-50 elementor-top-column elementor-element elementor-element-91ac733\" data-id=\"91ac733\" data-element_type=\"column\">\n\t\t\t<div class=\"elementor-widget-wrap elementor-element-populated\">\n\t\t\t\t\t\t<div class=\"elementor-element elementor-element-43d0ff7 elementor-widget elementor-widget-wpforms\" data-id=\"43d0ff7\" data-element_type=\"widget\" data-widget_type=\"wpforms.default\">\n\t\t\t\t<div class=\"elementor-widget-container\">\n\t\t\t\t\t<div class=\"wpforms-container wpforms-container-full\" id=\"wpforms-5351\"><form id=\"wpforms-form-5351\" class=\"wpforms-validate wpforms-form wpforms-ajax-form\" data-formid=\"5351\" method=\"post\" enctype=\"multipart\/form-data\" action=\"\/en\/wp-json\/wp\/v2\/pages\/5235\" data-token=\"92d709f1d362797a41488a39a6c98fab\" data-token-time=\"1777883860\"><div class=\"wpforms-head-container\"><div class=\"wpforms-title\">Get your quotation<\/div><\/div><noscript class=\"wpforms-error-noscript\">Please enable JavaScript in your browser to complete this form.<\/noscript><div class=\"wpforms-field-container\"><div id=\"wpforms-5351-field_1-container\" class=\"wpforms-field wpforms-field-name\" data-field-id=\"1\"><label class=\"wpforms-field-label\">Name <span class=\"wpforms-required-label\">*<\/span><\/label><div class=\"wpforms-field-row wpforms-field-medium\"><div class=\"wpforms-field-row-block wpforms-first wpforms-one-half\"><input type=\"text\" id=\"wpforms-5351-field_1\" class=\"wpforms-field-name-first wpforms-field-required\" name=\"wpforms[fields][1][first]\" required><label for=\"wpforms-5351-field_1\" class=\"wpforms-field-sublabel after\">First<\/label><\/div><div class=\"wpforms-field-row-block wpforms-one-half\"><input type=\"text\" id=\"wpforms-5351-field_1-last\" class=\"wpforms-field-name-last wpforms-field-required\" name=\"wpforms[fields][1][last]\" required><label for=\"wpforms-5351-field_1-last\" class=\"wpforms-field-sublabel after\">Last<\/label><\/div><\/div><\/div><div id=\"wpforms-5351-field_2-container\" class=\"wpforms-field wpforms-field-email\" data-field-id=\"2\"><label class=\"wpforms-field-label\" for=\"wpforms-5351-field_2\">E-mail <span class=\"wpforms-required-label\">*<\/span><\/label><input type=\"email\" id=\"wpforms-5351-field_2\" class=\"wpforms-field-medium wpforms-field-required\" name=\"wpforms[fields][2]\" spellcheck=\"false\" required><\/div><div id=\"wpforms-5351-field_3-container\" class=\"wpforms-field wpforms-field-text\" data-field-id=\"3\"><label class=\"wpforms-field-label\" for=\"wpforms-5351-field_3\">Address<\/label><input type=\"text\" id=\"wpforms-5351-field_3\" class=\"wpforms-field-medium\" name=\"wpforms[fields][3]\" ><\/div><div id=\"wpforms-5351-field_4-container\" class=\"wpforms-field wpforms-field-text\" data-field-id=\"4\"><label class=\"wpforms-field-label\" for=\"wpforms-5351-field_4\">Area<\/label><input type=\"text\" id=\"wpforms-5351-field_4\" class=\"wpforms-field-medium\" name=\"wpforms[fields][4]\" ><\/div><div id=\"wpforms-5351-field_5-container\" class=\"wpforms-field wpforms-field-text\" data-field-id=\"5\"><label class=\"wpforms-field-label\" for=\"wpforms-5351-field_5\">Your message<\/label><input type=\"text\" id=\"wpforms-5351-field_5\" class=\"wpforms-field-medium\" name=\"wpforms[fields][5]\" ><\/div><\/div><!-- .wpforms-field-container --><div class=\"wpforms-submit-container\" ><input type=\"hidden\" name=\"wpforms[id]\" value=\"5351\"><input type=\"hidden\" name=\"page_title\" value=\"\"><input type=\"hidden\" name=\"page_url\" value=\"https:\/\/www.regies.ch\/en\/wp-json\/wp\/v2\/pages\/5235\"><input type=\"hidden\" name=\"url_referer\" value=\"\"><button type=\"submit\" name=\"wpforms[submit]\" id=\"wpforms-submit-5351\" class=\"wpforms-submit\" data-alt-text=\"Sending...\" data-submit-text=\"Send\" aria-live=\"assertive\" value=\"wpforms-submit\">Send<\/button><img decoding=\"async\" src=\"https:\/\/www.regies.ch\/wp-content\/plugins\/wpforms-lite\/assets\/images\/submit-spin.svg\" class=\"wpforms-submit-spinner\" style=\"display: none;\" width=\"26\" height=\"26\" alt=\"Loading\"><\/div><\/form><\/div>  <!-- .wpforms-container -->\t\t\t\t<\/div>\n\t\t\t\t<\/div>\n\t\t\t\t<div class=\"elementor-element elementor-element-5e03e5d elementor-widget elementor-widget-spacer\" data-id=\"5e03e5d\" data-element_type=\"widget\" data-widget_type=\"spacer.default\">\n\t\t\t\t<div class=\"elementor-widget-container\">\n\t\t\t\t\t\t\t<div class=\"elementor-spacer\">\n\t\t\t<div class=\"elementor-spacer-inner\"><\/div>\n\t\t<\/div>\n\t\t\t\t\t\t<\/div>\n\t\t\t\t<\/div>\n\t\t\t\t\t<\/div>\n\t\t<\/div>\n\t\t\t\t<div class=\"elementor-column elementor-col-50 elementor-top-column elementor-element elementor-element-4cb3c50\" data-id=\"4cb3c50\" data-element_type=\"column\">\n\t\t\t<div class=\"elementor-widget-wrap elementor-element-populated\">\n\t\t\t\t\t\t<div class=\"elementor-element elementor-element-dbddd7f elementor-invisible elementor-widget elementor-widget-bauen-image\" data-id=\"dbddd7f\" data-element_type=\"widget\" data-settings=\"{&quot;_animation&quot;:&quot;slideInRight&quot;}\" data-widget_type=\"bauen-image.default\">\n\t\t\t\t<div class=\"elementor-widget-container\">\n\t\t\t\t\t\t\t\n\t\t\t\n\t\t\n\t\t\t<div class=\"about\">\n\t\t\t\t<div class=\"about-img\">\n\t\t\t\t\t\t\t\t\n\t\t\t\t\t<div class=\"img\"> <img decoding=\"async\" src=\"https:\/\/www.regies.ch\/wp-content\/uploads\/2022\/12\/estimation-regie-du-mail.jpg\" class=\"img-fluid\" alt=\"\"> <\/div>\n\t\t\t\t\t\t\t\t\t\t\n\t\t\t\t\t\t\t\t\t<\/div>\t\t\n\t\t\t<\/div>\t\n\n\t    \t\t\t\n\t\t\n\t\t\t\n        \t\t\t\t<\/div>\n\t\t\t\t<\/div>\n\t\t\t\t\t<\/div>\n\t\t<\/div>\n\t\t\t\t\t<\/div>\n\t\t<\/section>\n\t\t\t\t<section class=\"elementor-section elementor-top-section elementor-element elementor-element-30b820f4 elementor-section-full_width elementor-section-height-default elementor-section-height-default\" data-id=\"30b820f4\" data-element_type=\"section\" data-settings=\"{&quot;background_background&quot;:&quot;classic&quot;}\">\n\t\t\t\t\t\t\t<div class=\"elementor-background-overlay\"><\/div>\n\t\t\t\t\t\t\t<div class=\"elementor-container elementor-column-gap-default\">\n\t\t\t\t\t<div class=\"elementor-column elementor-col-100 elementor-top-column elementor-element elementor-element-45389265\" data-id=\"45389265\" data-element_type=\"column\">\n\t\t\t<div class=\"elementor-widget-wrap elementor-element-populated\">\n\t\t\t\t\t\t<div class=\"elementor-element elementor-element-2f64bd3 elementor-widget elementor-widget-spacer\" data-id=\"2f64bd3\" data-element_type=\"widget\" data-widget_type=\"spacer.default\">\n\t\t\t\t<div class=\"elementor-widget-container\">\n\t\t\t\t\t\t\t<div class=\"elementor-spacer\">\n\t\t\t<div class=\"elementor-spacer-inner\"><\/div>\n\t\t<\/div>\n\t\t\t\t\t\t<\/div>\n\t\t\t\t<\/div>\n\t\t\t\t\t<\/div>\n\t\t<\/div>\n\t\t\t\t\t<\/div>\n\t\t<\/section>\n\t\t\t\t<section class=\"elementor-section elementor-top-section elementor-element elementor-element-f89f7b7 elementor-section-boxed elementor-section-height-default elementor-section-height-default\" data-id=\"f89f7b7\" data-element_type=\"section\" data-settings=\"{&quot;background_background&quot;:&quot;classic&quot;}\">\n\t\t\t\t\t\t<div class=\"elementor-container elementor-column-gap-default\">\n\t\t\t\t\t<div class=\"elementor-column elementor-col-100 elementor-top-column elementor-element elementor-element-1bd72ad\" data-id=\"1bd72ad\" data-element_type=\"column\">\n\t\t\t<div class=\"elementor-widget-wrap elementor-element-populated\">\n\t\t\t\t\t\t<div class=\"elementor-section elementor-inner-section elementor-element elementor-element-878ccbd elementor-section-boxed elementor-section-height-default elementor-section-height-default\" data-id=\"878ccbd\" data-element_type=\"section\">\n\t\t\t\t\t\t<div class=\"elementor-container elementor-column-gap-default\">\n\t\t\t\t\t<div class=\"elementor-column elementor-col-33 elementor-inner-column elementor-element elementor-element-bdeffe3\" data-id=\"bdeffe3\" data-element_type=\"column\">\n\t\t\t<div class=\"elementor-widget-wrap\">\n\t\t\t\t\t\t\t<\/div>\n\t\t<\/div>\n\t\t\t\t<div class=\"elementor-column elementor-col-33 elementor-inner-column elementor-element elementor-element-438584f\" data-id=\"438584f\" data-element_type=\"column\">\n\t\t\t<div class=\"elementor-widget-wrap elementor-element-populated\">\n\t\t\t\t\t\t<div class=\"elementor-element elementor-element-6e67292 elementor-widget elementor-widget-bauen-image\" data-id=\"6e67292\" data-element_type=\"widget\" data-widget_type=\"bauen-image.default\">\n\t\t\t\t<div class=\"elementor-widget-container\">\n\t\t\t\t\t\t\t\n\t\t\t\t\n\t\t\t<div class=\"sec-img\">\n\t\t\t    \t\t\t\n\t\t\t\t <img decoding=\"async\" src=\"https:\/\/www.regies.ch\/wp-content\/uploads\/2022\/09\/REGIE-DU-MAIL-LOGO-site.png\" class=\"img-responsive\" alt=\"\"> \n\t\t\t\t\t\n\t\t\t<\/div>\n\t\t\n\t\t\t\t\t\n\t\t\n\t\t\t\n        \t\t\t\t<\/div>\n\t\t\t\t<\/div>\n\t\t\t\t\t<\/div>\n\t\t<\/div>\n\t\t\t\t<div class=\"elementor-column elementor-col-33 elementor-inner-column elementor-element elementor-element-6606109\" data-id=\"6606109\" data-element_type=\"column\">\n\t\t\t<div class=\"elementor-widget-wrap\">\n\t\t\t\t\t\t\t<\/div>\n\t\t<\/div>\n\t\t\t\t\t<\/div>\n\t\t<\/div>\n\t\t\t\t\t<\/div>\n\t\t<\/div>\n\t\t\t\t\t<\/div>\n\t\t<\/section>\n\t\t\t\t<\/div>\n\t\t","protected":false},"excerpt":{"rendered":"<p>La R\u00e9gie du Mail quotation La R\u00e9gie du Mail provides a high quality quotation service.Your request will be dealt with as soon as possible by one of our associates. Get your quotationPlease enable JavaScript in your browser to complete this form.Name *FirstLastE-mail *AddressAreaYour message Send<\/p>\n","protected":false},"author":1,"featured_media":0,"parent":0,"menu_order":0,"comment_status":"closed","ping_status":"closed","template":"","meta":{"_monsterinsights_skip_tracking":false,"_monsterinsights_sitenote_active":false,"_monsterinsights_sitenote_note":"","_monsterinsights_sitenote_category":0,"footnotes":"","_links_to":"","_links_to_target":""},"class_list":["post-5235","page","type-page","status-publish","hentry"],"yoast_head":"<!-- This site is optimized with the Yoast SEO plugin v26.3 - https:\/\/yoast.com\/wordpress\/plugins\/seo\/ -->\n<title>Quotations | R\u00e9gie du Mail - Agence immobili\u00e8re \u00e0 Gen\u00e8ve<\/title>\n<meta name=\"description\" content=\"La r\u00e9gie du mail offers you a quality estimation service in Geneva. Your request will be processed as soon as possible.\" \/>\n<meta name=\"robots\" content=\"index, follow, max-snippet:-1, max-image-preview:large, max-video-preview:-1\" \/>\n<link rel=\"canonical\" href=\"https:\/\/www.regies.ch\/en\/quotations\/\" \/>\n<meta property=\"og:locale\" content=\"en_US\" \/>\n<meta property=\"og:type\" content=\"article\" \/>\n<meta property=\"og:title\" content=\"Quotations | R\u00e9gie du Mail - Agence immobili\u00e8re \u00e0 Gen\u00e8ve\" \/>\n<meta property=\"og:description\" content=\"La r\u00e9gie du mail offers you a quality estimation service in Geneva. Your request will be processed as soon as possible.\" \/>\n<meta property=\"og:url\" content=\"https:\/\/www.regies.ch\/en\/quotations\/\" \/>\n<meta property=\"og:site_name\" content=\"R\u00e9gie du Mail - Agence immobili\u00e8re \u00e0 Gen\u00e8ve\" \/>\n<meta property=\"article:publisher\" content=\"https:\/\/www.facebook.com\/regiedumail\/\" \/>\n<meta property=\"article:modified_time\" content=\"2025-10-01T16:01:06+00:00\" \/>\n<meta property=\"og:image\" content=\"https:\/\/www.regies.ch\/wp-content\/plugins\/wpforms-lite\/assets\/images\/submit-spin.svg\" \/>\n<meta name=\"twitter:card\" content=\"summary_large_image\" \/>\n<meta name=\"twitter:label1\" content=\"Est. reading time\" \/>\n\t<meta name=\"twitter:data1\" content=\"1 minute\" \/>\n<script type=\"application\/ld+json\" class=\"yoast-schema-graph\">{\"@context\":\"https:\/\/schema.org\",\"@graph\":[{\"@type\":\"WebPage\",\"@id\":\"https:\/\/www.regies.ch\/en\/quotations\/\",\"url\":\"https:\/\/www.regies.ch\/en\/quotations\/\",\"name\":\"Quotations | R\u00e9gie du Mail - Agence immobili\u00e8re \u00e0 Gen\u00e8ve\",\"isPartOf\":{\"@id\":\"https:\/\/www.regies.ch\/en\/#website\"},\"primaryImageOfPage\":{\"@id\":\"https:\/\/www.regies.ch\/en\/quotations\/#primaryimage\"},\"image\":{\"@id\":\"https:\/\/www.regies.ch\/en\/quotations\/#primaryimage\"},\"thumbnailUrl\":\"https:\/\/www.regies.ch\/wp-content\/plugins\/wpforms-lite\/assets\/images\/submit-spin.svg\",\"datePublished\":\"2021-10-01T07:50:33+00:00\",\"dateModified\":\"2025-10-01T16:01:06+00:00\",\"description\":\"La r\u00e9gie du mail offers you a quality estimation service in Geneva. Your request will be processed as soon as possible.\",\"breadcrumb\":{\"@id\":\"https:\/\/www.regies.ch\/en\/quotations\/#breadcrumb\"},\"inLanguage\":\"en-US\",\"potentialAction\":[{\"@type\":\"ReadAction\",\"target\":[\"https:\/\/www.regies.ch\/en\/quotations\/\"]}]},{\"@type\":\"ImageObject\",\"inLanguage\":\"en-US\",\"@id\":\"https:\/\/www.regies.ch\/en\/quotations\/#primaryimage\",\"url\":\"https:\/\/www.regies.ch\/wp-content\/plugins\/wpforms-lite\/assets\/images\/submit-spin.svg\",\"contentUrl\":\"https:\/\/www.regies.ch\/wp-content\/plugins\/wpforms-lite\/assets\/images\/submit-spin.svg\"},{\"@type\":\"BreadcrumbList\",\"@id\":\"https:\/\/www.regies.ch\/en\/quotations\/#breadcrumb\",\"itemListElement\":[{\"@type\":\"ListItem\",\"position\":1,\"name\":\"Accueil\",\"item\":\"https:\/\/www.regies.ch\/en\/\"},{\"@type\":\"ListItem\",\"position\":2,\"name\":\"Quotations\"}]},{\"@type\":\"WebSite\",\"@id\":\"https:\/\/www.regies.ch\/en\/#website\",\"url\":\"https:\/\/www.regies.ch\/en\/\",\"name\":\"R\u00e9gie du Mail | Agence immobili\u00e8re \u00e0 Gen\u00e8ve\",\"description\":\"Agence immobili\u00e8re \u00e0 Gen\u00e8ve\",\"publisher\":{\"@id\":\"https:\/\/www.regies.ch\/en\/#organization\"},\"potentialAction\":[{\"@type\":\"SearchAction\",\"target\":{\"@type\":\"EntryPoint\",\"urlTemplate\":\"https:\/\/www.regies.ch\/en\/?s={search_term_string}\"},\"query-input\":{\"@type\":\"PropertyValueSpecification\",\"valueRequired\":true,\"valueName\":\"search_term_string\"}}],\"inLanguage\":\"en-US\"},{\"@type\":\"Organization\",\"@id\":\"https:\/\/www.regies.ch\/en\/#organization\",\"name\":\"R\u00e9gie du Mail | Agence immobili\u00e8re \u00e0 Gen\u00e8ve\",\"url\":\"https:\/\/www.regies.ch\/en\/\",\"logo\":{\"@type\":\"ImageObject\",\"inLanguage\":\"en-US\",\"@id\":\"https:\/\/www.regies.ch\/en\/#\/schema\/logo\/image\/\",\"url\":\"https:\/\/www.regies.ch\/wp-content\/uploads\/2022\/09\/Logo_MAIL.png\",\"contentUrl\":\"https:\/\/www.regies.ch\/wp-content\/uploads\/2022\/09\/Logo_MAIL.png\",\"width\":213,\"height\":64,\"caption\":\"R\u00e9gie du Mail | Agence immobili\u00e8re \u00e0 Gen\u00e8ve\"},\"image\":{\"@id\":\"https:\/\/www.regies.ch\/en\/#\/schema\/logo\/image\/\"},\"sameAs\":[\"https:\/\/www.facebook.com\/regiedumail\/\",\"https:\/\/www.linkedin.com\/company\/regie-du-mail\/?originalSubdomain=fr\"]}]}<\/script>\n<!-- \/ Yoast SEO plugin. -->","yoast_head_json":{"title":"Quotations | R\u00e9gie du Mail - Agence immobili\u00e8re \u00e0 Gen\u00e8ve","description":"La r\u00e9gie du mail offers you a quality estimation service in Geneva. Your request will be processed as soon as possible.","robots":{"index":"index","follow":"follow","max-snippet":"max-snippet:-1","max-image-preview":"max-image-preview:large","max-video-preview":"max-video-preview:-1"},"canonical":"https:\/\/www.regies.ch\/en\/quotations\/","og_locale":"en_US","og_type":"article","og_title":"Quotations | R\u00e9gie du Mail - Agence immobili\u00e8re \u00e0 Gen\u00e8ve","og_description":"La r\u00e9gie du mail offers you a quality estimation service in Geneva. Your request will be processed as soon as possible.","og_url":"https:\/\/www.regies.ch\/en\/quotations\/","og_site_name":"R\u00e9gie du Mail - Agence immobili\u00e8re \u00e0 Gen\u00e8ve","article_publisher":"https:\/\/www.facebook.com\/regiedumail\/","article_modified_time":"2025-10-01T16:01:06+00:00","og_image":[{"url":"https:\/\/www.regies.ch\/wp-content\/plugins\/wpforms-lite\/assets\/images\/submit-spin.svg","type":"","width":"","height":""}],"twitter_card":"summary_large_image","twitter_misc":{"Est. reading time":"1 minute"},"schema":{"@context":"https:\/\/schema.org","@graph":[{"@type":"WebPage","@id":"https:\/\/www.regies.ch\/en\/quotations\/","url":"https:\/\/www.regies.ch\/en\/quotations\/","name":"Quotations | R\u00e9gie du Mail - Agence immobili\u00e8re \u00e0 Gen\u00e8ve","isPartOf":{"@id":"https:\/\/www.regies.ch\/en\/#website"},"primaryImageOfPage":{"@id":"https:\/\/www.regies.ch\/en\/quotations\/#primaryimage"},"image":{"@id":"https:\/\/www.regies.ch\/en\/quotations\/#primaryimage"},"thumbnailUrl":"https:\/\/www.regies.ch\/wp-content\/plugins\/wpforms-lite\/assets\/images\/submit-spin.svg","datePublished":"2021-10-01T07:50:33+00:00","dateModified":"2025-10-01T16:01:06+00:00","description":"La r\u00e9gie du mail offers you a quality estimation service in Geneva. Your request will be processed as soon as possible.","breadcrumb":{"@id":"https:\/\/www.regies.ch\/en\/quotations\/#breadcrumb"},"inLanguage":"en-US","potentialAction":[{"@type":"ReadAction","target":["https:\/\/www.regies.ch\/en\/quotations\/"]}]},{"@type":"ImageObject","inLanguage":"en-US","@id":"https:\/\/www.regies.ch\/en\/quotations\/#primaryimage","url":"https:\/\/www.regies.ch\/wp-content\/plugins\/wpforms-lite\/assets\/images\/submit-spin.svg","contentUrl":"https:\/\/www.regies.ch\/wp-content\/plugins\/wpforms-lite\/assets\/images\/submit-spin.svg"},{"@type":"BreadcrumbList","@id":"https:\/\/www.regies.ch\/en\/quotations\/#breadcrumb","itemListElement":[{"@type":"ListItem","position":1,"name":"Accueil","item":"https:\/\/www.regies.ch\/en\/"},{"@type":"ListItem","position":2,"name":"Quotations"}]},{"@type":"WebSite","@id":"https:\/\/www.regies.ch\/en\/#website","url":"https:\/\/www.regies.ch\/en\/","name":"R\u00e9gie du Mail | Agence immobili\u00e8re \u00e0 Gen\u00e8ve","description":"Agence immobili\u00e8re \u00e0 Gen\u00e8ve","publisher":{"@id":"https:\/\/www.regies.ch\/en\/#organization"},"potentialAction":[{"@type":"SearchAction","target":{"@type":"EntryPoint","urlTemplate":"https:\/\/www.regies.ch\/en\/?s={search_term_string}"},"query-input":{"@type":"PropertyValueSpecification","valueRequired":true,"valueName":"search_term_string"}}],"inLanguage":"en-US"},{"@type":"Organization","@id":"https:\/\/www.regies.ch\/en\/#organization","name":"R\u00e9gie du Mail | Agence immobili\u00e8re \u00e0 Gen\u00e8ve","url":"https:\/\/www.regies.ch\/en\/","logo":{"@type":"ImageObject","inLanguage":"en-US","@id":"https:\/\/www.regies.ch\/en\/#\/schema\/logo\/image\/","url":"https:\/\/www.regies.ch\/wp-content\/uploads\/2022\/09\/Logo_MAIL.png","contentUrl":"https:\/\/www.regies.ch\/wp-content\/uploads\/2022\/09\/Logo_MAIL.png","width":213,"height":64,"caption":"R\u00e9gie du Mail | Agence immobili\u00e8re \u00e0 Gen\u00e8ve"},"image":{"@id":"https:\/\/www.regies.ch\/en\/#\/schema\/logo\/image\/"},"sameAs":["https:\/\/www.facebook.com\/regiedumail\/","https:\/\/www.linkedin.com\/company\/regie-du-mail\/?originalSubdomain=fr"]}]}},"_links":{"self":[{"href":"https:\/\/www.regies.ch\/en\/wp-json\/wp\/v2\/pages\/5235","targetHints":{"allow":["GET"]}}],"collection":[{"href":"https:\/\/www.regies.ch\/en\/wp-json\/wp\/v2\/pages"}],"about":[{"href":"https:\/\/www.regies.ch\/en\/wp-json\/wp\/v2\/types\/page"}],"author":[{"embeddable":true,"href":"https:\/\/www.regies.ch\/en\/wp-json\/wp\/v2\/users\/1"}],"replies":[{"embeddable":true,"href":"https:\/\/www.regies.ch\/en\/wp-json\/wp\/v2\/comments?post=5235"}],"version-history":[{"count":3,"href":"https:\/\/www.regies.ch\/en\/wp-json\/wp\/v2\/pages\/5235\/revisions"}],"predecessor-version":[{"id":6545,"href":"https:\/\/www.regies.ch\/en\/wp-json\/wp\/v2\/pages\/5235\/revisions\/6545"}],"wp:attachment":[{"href":"https:\/\/www.regies.ch\/en\/wp-json\/wp\/v2\/media?parent=5235"}],"curies":[{"name":"wp","href":"https:\/\/api.w.org\/{rel}","templated":true}]}}