{"id":5243,"date":"2021-10-01T10:30:51","date_gmt":"2021-10-01T08:30:51","guid":{"rendered":"https:\/\/www.regies.ch\/contact\/"},"modified":"2025-10-01T18:21:11","modified_gmt":"2025-10-01T16:21:11","slug":"contact","status":"publish","type":"page","link":"https:\/\/www.regies.ch\/en\/contact\/","title":{"rendered":"Contact"},"content":{"rendered":"\t\t<div data-elementor-type=\"wp-page\" data-elementor-id=\"5243\" class=\"elementor elementor-5243 elementor-110\" data-elementor-post-type=\"page\">\n\t\t\t\t\t\t<section class=\"elementor-section elementor-top-section elementor-element elementor-element-7da26bc3 elementor-section-full_width elementor-section-height-default elementor-section-height-default\" data-id=\"7da26bc3\" data-element_type=\"section\">\n\t\t\t\t\t\t<div class=\"elementor-container elementor-column-gap-default\">\n\t\t\t\t\t<div class=\"elementor-column elementor-col-100 elementor-top-column elementor-element elementor-element-5df76801\" data-id=\"5df76801\" data-element_type=\"column\">\n\t\t\t<div class=\"elementor-widget-wrap elementor-element-populated\">\n\t\t\t\t\t\t<div class=\"elementor-section elementor-inner-section elementor-element elementor-element-37271741 elementor-section-boxed elementor-section-height-default elementor-section-height-default\" data-id=\"37271741\" data-element_type=\"section\">\n\t\t\t\t\t\t<div class=\"elementor-container elementor-column-gap-default\">\n\t\t\t\t\t<div class=\"elementor-column elementor-col-100 elementor-inner-column elementor-element elementor-element-3a1fc232\" data-id=\"3a1fc232\" data-element_type=\"column\">\n\t\t\t<div class=\"elementor-widget-wrap elementor-element-populated\">\n\t\t\t\t\t\t<div class=\"elementor-element elementor-element-11eaeffb elementor-widget elementor-widget-bauen-title\" data-id=\"11eaeffb\" data-element_type=\"widget\" data-widget_type=\"bauen-title.default\">\n\t\t\t\t<div class=\"elementor-widget-container\">\n\t\t\t\t\t\t\t\n\t\t\t\n\t\t\t\t\t\t<h2 class=\"section-title text-left\">Contact-<span class=\"text-color-red\">us<\/span><\/h2>\n\t\t\t\t\n\t\t\t\t\n        \n\t\t\t\n        \t\t\t\t<\/div>\n\t\t\t\t<\/div>\n\t\t\t\t\t<\/div>\n\t\t<\/div>\n\t\t\t\t\t<\/div>\n\t\t<\/div>\n\t\t\t\t<div class=\"elementor-section elementor-inner-section elementor-element elementor-element-6b0da7ce elementor-section-boxed elementor-section-height-default elementor-section-height-default\" data-id=\"6b0da7ce\" data-element_type=\"section\">\n\t\t\t\t\t\t<div class=\"elementor-container elementor-column-gap-default\">\n\t\t\t\t\t<div class=\"elementor-column elementor-col-33 elementor-inner-column elementor-element elementor-element-469d060a\" data-id=\"469d060a\" data-element_type=\"column\">\n\t\t\t<div class=\"elementor-widget-wrap elementor-element-populated\">\n\t\t\t\t\t\t<div class=\"elementor-element elementor-element-3563afa elementor-invisible elementor-widget elementor-widget-bauen-contact\" data-id=\"3563afa\" data-element_type=\"widget\" data-settings=\"{&quot;_animation&quot;:&quot;fadeInUp&quot;}\" data-widget_type=\"bauen-contact.default\">\n\t\t\t\t<div class=\"elementor-widget-container\">\n\t\t\t\t\t        \n\t\t<div class=\"sec-contact-info mb-30\">\n\t\t\t\t\t\t<p><b>La R\u00e9gie du Mail<\/b><\/p> \n\t\t\t\t\n\t\t\t\t\t\t<p><p>Since 1995, the R\u00e9gie du Mail has been developing its activities to meet the increasingly diversified demands in the property sector.<\/p><\/p>\n\t\t\t\t\n\t\t    \n\t\t\t\t\t\t\n\t\t\t\t\t\t\t\t\t\t\t\t\t\t\t\n\t\t\t\t\t    <p><b><\/b> <\/p> \t\t\t\t\t\t\n\t\t\t\t\t\t \n\n\t\t\t\t\t\t\t\t\n        <\/div>\n\t\t\n        \t\t\t\t<\/div>\n\t\t\t\t<\/div>\n\t\t\t\t\t<\/div>\n\t\t<\/div>\n\t\t\t\t<div class=\"elementor-column elementor-col-33 elementor-inner-column elementor-element elementor-element-2821bed1\" data-id=\"2821bed1\" data-element_type=\"column\">\n\t\t\t<div class=\"elementor-widget-wrap elementor-element-populated\">\n\t\t\t\t\t\t<div class=\"elementor-element elementor-element-f0805e3 elementor-invisible elementor-widget elementor-widget-bauen-contact\" data-id=\"f0805e3\" data-element_type=\"widget\" data-settings=\"{&quot;_animation&quot;:&quot;fadeInUp&quot;}\" data-widget_type=\"bauen-contact.default\">\n\t\t\t\t<div class=\"elementor-widget-container\">\n\t\t\t\t\t        \n\t\t<div class=\"sec-contact-info mb-30\">\n\t\t\t\t\t\t<p><b>Contact<\/b><\/p> \n\t\t\t\t\n\t\t\t\t\n\t\t    \n\t\t\t\t\t\t\n\t\t\t\t\t\t\t\t\t\t\t\t\t\t\t\n\t\t\t\t\t    <p><b>Phone :<\/b> <a href=\"tel:+41 22 308 19 19\">+41 22 308 19 19<\/a><\/p> \n\t\t\t\t\t\t \n\n\t\t\t\t\t\t\t\t\t\t\t\t\t\t\t \n\t\t\t\t\t\t<p><b>Mail :<\/b> <a href=\"mailto: info@regies.ch\"> info@regies.ch<\/a><\/p> \n\t\t\t\t\t\t \n\n\t\t\t\t\t\t\t\t\t\t\t\t\t\t    <p><b>Address :<\/b> <a href=\"\" target=\"_self\">Rue Saint-Joseph 34, CP 1852, 1227 Carouge<\/a><\/p>\n\t\t\t\t\t\t \n\n\t\t\t\t\t\t\t\t\n        <\/div>\n\t\t\n        \t\t\t\t<\/div>\n\t\t\t\t<\/div>\n\t\t\t\t\t<\/div>\n\t\t<\/div>\n\t\t\t\t<div class=\"elementor-column elementor-col-33 elementor-inner-column elementor-element elementor-element-20c6228\" data-id=\"20c6228\" data-element_type=\"column\">\n\t\t\t<div class=\"elementor-widget-wrap elementor-element-populated\">\n\t\t\t\t\t\t<div class=\"elementor-element elementor-element-2202811 elementor-invisible elementor-widget elementor-widget-bauen-form\" data-id=\"2202811\" data-element_type=\"widget\" data-settings=\"{&quot;_animation&quot;:&quot;fadeInUp&quot;}\" data-widget_type=\"bauen-form.default\">\n\t\t\t\t<div class=\"elementor-widget-container\">\n\t\t\t\t\t\t\t<div  class=\"sec-contact-form\">\n        \t\t\t<p><b>Contact Form<\/b><\/p> \n\t\t\t\n\t\t\t<div  class=\"vc_template\">\n\t\t\t   \n<div class=\"wpcf7 no-js\" id=\"wpcf7-f5333-o1\" lang=\"en-US\" dir=\"ltr\" data-wpcf7-id=\"5333\">\n<div class=\"screen-reader-response\"><p role=\"status\" aria-live=\"polite\" aria-atomic=\"true\"><\/p> <ul><\/ul><\/div>\n<form action=\"\/en\/wp-json\/wp\/v2\/pages\/5243#wpcf7-f5333-o1\" method=\"post\" class=\"wpcf7-form init\" aria-label=\"Contact form\" novalidate=\"novalidate\" data-status=\"init\">\n<fieldset class=\"hidden-fields-container\"><input type=\"hidden\" name=\"_wpcf7\" value=\"5333\" \/><input type=\"hidden\" name=\"_wpcf7_version\" value=\"6.1.3\" \/><input type=\"hidden\" name=\"_wpcf7_locale\" value=\"en_US\" \/><input type=\"hidden\" name=\"_wpcf7_unit_tag\" value=\"wpcf7-f5333-o1\" \/><input type=\"hidden\" name=\"_wpcf7_container_post\" value=\"0\" \/><input type=\"hidden\" name=\"_wpcf7_posted_data_hash\" value=\"\" \/>\n<\/fieldset>\n<p><span class=\"wpcf7-form-control-wrap\" data-name=\"your-name\"><input size=\"40\" maxlength=\"400\" class=\"wpcf7-form-control wpcf7-text wpcf7-validates-as-required\" aria-required=\"true\" aria-invalid=\"false\" placeholder=\"Name\" value=\"\" type=\"text\" name=\"your-name\" \/><\/span><br \/>\n<span class=\"wpcf7-form-control-wrap\" data-name=\"your-email\"><input size=\"40\" maxlength=\"400\" class=\"wpcf7-form-control wpcf7-email wpcf7-validates-as-required wpcf7-text wpcf7-validates-as-email\" aria-required=\"true\" aria-invalid=\"false\" placeholder=\"Email\" value=\"\" type=\"email\" name=\"your-email\" \/><\/span><br \/>\n<span id=\"wpcf7-69f26bde30a23-wrapper\" class=\"wpcf7-form-control-wrap honeypot-119-wrap\" ><label for=\"adresse\" class=\"hp-message\">Please leave this field empty.<\/label><input id=\"adresse\"  placeholder=\"adresse\"  class=\"wpcf7-form-control wpcf7-text\" type=\"text\" name=\"honeypot-119\" value=\"\" size=\"40\" tabindex=\"-1\" autocomplete=\"new-password\" \/><\/span><br \/>\n<span class=\"wpcf7-form-control-wrap\" data-name=\"your-message\"><textarea cols=\"40\" rows=\"10\" maxlength=\"2000\" class=\"wpcf7-form-control wpcf7-textarea\" aria-invalid=\"false\" placeholder=\"Message\" name=\"your-message\"><\/textarea><\/span><br \/>\n<span class=\"wpcf7-form-control-wrap\" data-name=\"acceptance-262\"><span class=\"wpcf7-form-control wpcf7-acceptance\"><span class=\"wpcf7-list-item\"><label><input type=\"checkbox\" name=\"acceptance-262\" value=\"1\" aria-invalid=\"false\" \/><span class=\"wpcf7-list-item-label\">I consent to the collection and processing of my personal data as defined in the <a href=\"https:\/\/www.regies.ch\/politique-de-confidentialite\/\" target=\"\">privacy policy<\/a >and acknowledge having been informed of the possibility of revoking my consent at any time.<\/span><\/label><\/span><\/span><\/span><br \/>\n<div class=\"wpcf7-form-control has-spinner wpcf7-submit\"><button class=\"butn-dark mt-15\"><a ><span>Send<\/span><\/a><\/button><\/div>\n<\/p><div class=\"wpcf7-response-output\" aria-hidden=\"true\"><\/div>\n<\/form>\n<\/div>\n\t\t\t<\/div>\t\n\t\t<\/div>\t\n\t\t\n        \t\t\t\t<\/div>\n\t\t\t\t<\/div>\n\t\t\t\t\t<\/div>\n\t\t<\/div>\n\t\t\t\t\t<\/div>\n\t\t<\/div>\n\t\t\t\t\t<\/div>\n\t\t<\/div>\n\t\t\t\t\t<\/div>\n\t\t<\/section>\n\t\t\t\t<section class=\"elementor-section elementor-top-section elementor-element elementor-element-c347acb elementor-section-full_width elementor-section-stretched elementor-section-height-default elementor-section-height-default\" data-id=\"c347acb\" data-element_type=\"section\" data-settings=\"{&quot;stretch_section&quot;:&quot;section-stretched&quot;}\">\n\t\t\t\t\t\t<div class=\"elementor-container elementor-column-gap-default\">\n\t\t\t\t\t<div class=\"elementor-column elementor-col-100 elementor-top-column elementor-element elementor-element-b546ebe\" data-id=\"b546ebe\" data-element_type=\"column\">\n\t\t\t<div class=\"elementor-widget-wrap elementor-element-populated\">\n\t\t\t\t\t\t<div class=\"elementor-section elementor-inner-section elementor-element elementor-element-50788a4 elementor-section-boxed elementor-section-height-default elementor-section-height-default\" data-id=\"50788a4\" data-element_type=\"section\">\n\t\t\t\t\t\t<div class=\"elementor-container elementor-column-gap-default\">\n\t\t\t\t\t<div class=\"elementor-column elementor-col-100 elementor-inner-column elementor-element elementor-element-97b5fae\" data-id=\"97b5fae\" data-element_type=\"column\">\n\t\t\t<div class=\"elementor-widget-wrap elementor-element-populated\">\n\t\t\t\t\t\t<div class=\"elementor-element elementor-element-524889a elementor-invisible elementor-widget elementor-widget-bauen-map\" data-id=\"524889a\" data-element_type=\"widget\" data-settings=\"{&quot;_animation&quot;:&quot;fadeInUp&quot;}\" data-widget_type=\"bauen-map.default\">\n\t\t\t\t<div class=\"elementor-widget-container\">\n\t\t\t\t\t\n\t\t\t\t\t\n\t\t\n\t\t<div class=\"sec-gmap\">\n            <div class=\"map-container\">\n\t\t\t\t<div id=\"map-single\" class=\"map\" data-map-back=\"\/\/{s}.basemaps.cartocdn.com\/light_all\/{z}\/{x}\/{y}.png\" data-latlog=\"[46.185611724853516,6.140961647033691]\" data-popuptext=\"34 Rue Saint Joseph , 1227 Carouge suisse\"  data-popupicon=\"https:\/\/www.regies.ch\/wp-content\/uploads\/2022\/09\/cropped-REGIE-DU-MAIL-monogramme-2.png\"><\/div>\t\t\t\t\n\t\t    <\/div>\t\t\t\n\t\t<\/div>\t\t\n\t\t\n\t\t\t\n        \t\t\t\t<\/div>\n\t\t\t\t<\/div>\n\t\t\t\t\t<\/div>\n\t\t<\/div>\n\t\t\t\t\t<\/div>\n\t\t<\/div>\n\t\t\t\t\t<\/div>\n\t\t<\/div>\n\t\t\t\t\t<\/div>\n\t\t<\/section>\n\t\t\t\t<section class=\"elementor-section elementor-top-section elementor-element elementor-element-c19f830 elementor-section-boxed elementor-section-height-default elementor-section-height-default\" data-id=\"c19f830\" data-element_type=\"section\" data-settings=\"{&quot;background_background&quot;:&quot;classic&quot;}\">\n\t\t\t\t\t\t\t<div class=\"elementor-background-overlay\"><\/div>\n\t\t\t\t\t\t\t<div class=\"elementor-container elementor-column-gap-default\">\n\t\t\t\t\t<div class=\"elementor-column elementor-col-100 elementor-top-column elementor-element elementor-element-64f6b3b\" data-id=\"64f6b3b\" data-element_type=\"column\">\n\t\t\t<div class=\"elementor-widget-wrap elementor-element-populated\">\n\t\t\t\t\t\t<div class=\"elementor-element elementor-element-e3d6d08 elementor-widget elementor-widget-spacer\" data-id=\"e3d6d08\" data-element_type=\"widget\" data-widget_type=\"spacer.default\">\n\t\t\t\t<div class=\"elementor-widget-container\">\n\t\t\t\t\t\t\t<div class=\"elementor-spacer\">\n\t\t\t<div class=\"elementor-spacer-inner\"><\/div>\n\t\t<\/div>\n\t\t\t\t\t\t<\/div>\n\t\t\t\t<\/div>\n\t\t\t\t\t<\/div>\n\t\t<\/div>\n\t\t\t\t\t<\/div>\n\t\t<\/section>\n\t\t\t\t<section class=\"elementor-section elementor-top-section elementor-element elementor-element-122e5e4 elementor-section-boxed elementor-section-height-default elementor-section-height-default\" data-id=\"122e5e4\" data-element_type=\"section\" data-settings=\"{&quot;background_background&quot;:&quot;classic&quot;}\">\n\t\t\t\t\t\t<div class=\"elementor-container elementor-column-gap-default\">\n\t\t\t\t\t<div class=\"elementor-column elementor-col-100 elementor-top-column elementor-element elementor-element-18ed25b\" data-id=\"18ed25b\" data-element_type=\"column\">\n\t\t\t<div class=\"elementor-widget-wrap elementor-element-populated\">\n\t\t\t\t\t\t<div class=\"elementor-section elementor-inner-section elementor-element elementor-element-d8b973a elementor-section-boxed elementor-section-height-default elementor-section-height-default\" data-id=\"d8b973a\" data-element_type=\"section\" data-settings=\"{&quot;background_background&quot;:&quot;classic&quot;}\">\n\t\t\t\t\t\t<div class=\"elementor-container elementor-column-gap-default\">\n\t\t\t\t\t<div class=\"elementor-column elementor-col-33 elementor-inner-column elementor-element elementor-element-eb04e25\" data-id=\"eb04e25\" data-element_type=\"column\" data-settings=\"{&quot;background_background&quot;:&quot;classic&quot;}\">\n\t\t\t<div class=\"elementor-widget-wrap\">\n\t\t\t\t\t\t\t<\/div>\n\t\t<\/div>\n\t\t\t\t<div class=\"elementor-column elementor-col-33 elementor-inner-column elementor-element elementor-element-652348a\" data-id=\"652348a\" data-element_type=\"column\">\n\t\t\t<div class=\"elementor-widget-wrap elementor-element-populated\">\n\t\t\t\t\t\t<div class=\"elementor-element elementor-element-addcec4 elementor-widget elementor-widget-bauen-image\" data-id=\"addcec4\" data-element_type=\"widget\" data-widget_type=\"bauen-image.default\">\n\t\t\t\t<div class=\"elementor-widget-container\">\n\t\t\t\t\t\t\t\n\t\t\t\t\n\t\t\t<div class=\"sec-img\">\n\t\t\t    \t\t\t\n\t\t\t\t <img decoding=\"async\" src=\"https:\/\/www.regies.ch\/wp-content\/uploads\/2022\/09\/REGIE-DU-MAIL-LOGO-site.png\" class=\"img-responsive\" alt=\"\"> \n\t\t\t\t\t\n\t\t\t<\/div>\n\t\t\n\t\t\t\t\t\n\t\t\n\t\t\t\n        \t\t\t\t<\/div>\n\t\t\t\t<\/div>\n\t\t\t\t\t<\/div>\n\t\t<\/div>\n\t\t\t\t<div class=\"elementor-column elementor-col-33 elementor-inner-column elementor-element elementor-element-1eeeb3a\" data-id=\"1eeeb3a\" data-element_type=\"column\">\n\t\t\t<div class=\"elementor-widget-wrap\">\n\t\t\t\t\t\t\t<\/div>\n\t\t<\/div>\n\t\t\t\t\t<\/div>\n\t\t<\/div>\n\t\t\t\t\t<\/div>\n\t\t<\/div>\n\t\t\t\t\t<\/div>\n\t\t<\/section>\n\t\t\t\t<\/div>\n\t\t","protected":false},"excerpt":{"rendered":"<p>Contact-us La R\u00e9gie du Mail Since 1995, the R\u00e9gie du Mail has been developing its activities to meet the increasingly diversified demands in the property sector. &nbsp; Contact Phone : +41 22 308 19 19 Mail : info@regies.ch Address : Rue Saint-Joseph 34, CP 1852, 1227 Carouge Contact Form Please leave this field empty. Je consens \u00e0 la collecte et&#8230;<\/p>\n","protected":false},"author":1,"featured_media":0,"parent":0,"menu_order":0,"comment_status":"closed","ping_status":"closed","template":"","meta":{"_monsterinsights_skip_tracking":false,"_monsterinsights_sitenote_active":false,"_monsterinsights_sitenote_note":"","_monsterinsights_sitenote_category":0,"footnotes":"","_links_to":"","_links_to_target":""},"class_list":["post-5243","page","type-page","status-publish","hentry"],"yoast_head":"<!-- This site is optimized with the Yoast SEO plugin v26.3 - https:\/\/yoast.com\/wordpress\/plugins\/seo\/ -->\n<title>Contact | R\u00e9gie du Mail - Agence immobili\u00e8re \u00e0 Gen\u00e8ve<\/title>\n<meta name=\"description\" content=\"La R\u00e9gie du mail is at your disposal for any purchase, sale or rental project in Geneva.\" \/>\n<meta name=\"robots\" content=\"index, follow, max-snippet:-1, max-image-preview:large, max-video-preview:-1\" \/>\n<link rel=\"canonical\" href=\"https:\/\/www.regies.ch\/en\/contact\/\" \/>\n<meta property=\"og:locale\" content=\"en_US\" \/>\n<meta property=\"og:type\" content=\"article\" \/>\n<meta property=\"og:title\" content=\"Contact | R\u00e9gie du Mail - Agence immobili\u00e8re \u00e0 Gen\u00e8ve\" \/>\n<meta property=\"og:description\" content=\"La R\u00e9gie du mail is at your disposal for any purchase, sale or rental project in Geneva.\" \/>\n<meta property=\"og:url\" content=\"https:\/\/www.regies.ch\/en\/contact\/\" \/>\n<meta property=\"og:site_name\" content=\"R\u00e9gie du Mail - Agence immobili\u00e8re \u00e0 Gen\u00e8ve\" \/>\n<meta property=\"article:publisher\" content=\"https:\/\/www.facebook.com\/regiedumail\/\" \/>\n<meta property=\"article:modified_time\" content=\"2025-10-01T16:21:11+00:00\" \/>\n<meta property=\"og:image\" content=\"https:\/\/www.regies.ch\/wp-content\/uploads\/2022\/09\/REGIE-DU-MAIL-LOGO-site.png\" \/>\n<meta name=\"twitter:card\" content=\"summary_large_image\" \/>\n<meta name=\"twitter:label1\" content=\"Est. reading time\" \/>\n\t<meta name=\"twitter:data1\" content=\"1 minute\" \/>\n<script type=\"application\/ld+json\" class=\"yoast-schema-graph\">{\"@context\":\"https:\/\/schema.org\",\"@graph\":[{\"@type\":\"WebPage\",\"@id\":\"https:\/\/www.regies.ch\/en\/contact\/\",\"url\":\"https:\/\/www.regies.ch\/en\/contact\/\",\"name\":\"Contact | R\u00e9gie du Mail - Agence immobili\u00e8re \u00e0 Gen\u00e8ve\",\"isPartOf\":{\"@id\":\"https:\/\/www.regies.ch\/en\/#website\"},\"primaryImageOfPage\":{\"@id\":\"https:\/\/www.regies.ch\/en\/contact\/#primaryimage\"},\"image\":{\"@id\":\"https:\/\/www.regies.ch\/en\/contact\/#primaryimage\"},\"thumbnailUrl\":\"https:\/\/www.regies.ch\/wp-content\/uploads\/2022\/09\/REGIE-DU-MAIL-LOGO-site.png\",\"datePublished\":\"2021-10-01T08:30:51+00:00\",\"dateModified\":\"2025-10-01T16:21:11+00:00\",\"description\":\"La R\u00e9gie du mail is at your disposal for any purchase, sale or rental project in Geneva.\",\"breadcrumb\":{\"@id\":\"https:\/\/www.regies.ch\/en\/contact\/#breadcrumb\"},\"inLanguage\":\"en-US\",\"potentialAction\":[{\"@type\":\"ReadAction\",\"target\":[\"https:\/\/www.regies.ch\/en\/contact\/\"]}]},{\"@type\":\"ImageObject\",\"inLanguage\":\"en-US\",\"@id\":\"https:\/\/www.regies.ch\/en\/contact\/#primaryimage\",\"url\":\"https:\/\/www.regies.ch\/wp-content\/uploads\/2022\/09\/REGIE-DU-MAIL-LOGO-site.png\",\"contentUrl\":\"https:\/\/www.regies.ch\/wp-content\/uploads\/2022\/09\/REGIE-DU-MAIL-LOGO-site.png\"},{\"@type\":\"BreadcrumbList\",\"@id\":\"https:\/\/www.regies.ch\/en\/contact\/#breadcrumb\",\"itemListElement\":[{\"@type\":\"ListItem\",\"position\":1,\"name\":\"Accueil\",\"item\":\"https:\/\/www.regies.ch\/en\/\"},{\"@type\":\"ListItem\",\"position\":2,\"name\":\"Contact\"}]},{\"@type\":\"WebSite\",\"@id\":\"https:\/\/www.regies.ch\/en\/#website\",\"url\":\"https:\/\/www.regies.ch\/en\/\",\"name\":\"R\u00e9gie du Mail | Agence immobili\u00e8re \u00e0 Gen\u00e8ve\",\"description\":\"Agence immobili\u00e8re \u00e0 Gen\u00e8ve\",\"publisher\":{\"@id\":\"https:\/\/www.regies.ch\/en\/#organization\"},\"potentialAction\":[{\"@type\":\"SearchAction\",\"target\":{\"@type\":\"EntryPoint\",\"urlTemplate\":\"https:\/\/www.regies.ch\/en\/?s={search_term_string}\"},\"query-input\":{\"@type\":\"PropertyValueSpecification\",\"valueRequired\":true,\"valueName\":\"search_term_string\"}}],\"inLanguage\":\"en-US\"},{\"@type\":\"Organization\",\"@id\":\"https:\/\/www.regies.ch\/en\/#organization\",\"name\":\"R\u00e9gie du Mail | Agence immobili\u00e8re \u00e0 Gen\u00e8ve\",\"url\":\"https:\/\/www.regies.ch\/en\/\",\"logo\":{\"@type\":\"ImageObject\",\"inLanguage\":\"en-US\",\"@id\":\"https:\/\/www.regies.ch\/en\/#\/schema\/logo\/image\/\",\"url\":\"https:\/\/www.regies.ch\/wp-content\/uploads\/2022\/09\/Logo_MAIL.png\",\"contentUrl\":\"https:\/\/www.regies.ch\/wp-content\/uploads\/2022\/09\/Logo_MAIL.png\",\"width\":213,\"height\":64,\"caption\":\"R\u00e9gie du Mail | Agence immobili\u00e8re \u00e0 Gen\u00e8ve\"},\"image\":{\"@id\":\"https:\/\/www.regies.ch\/en\/#\/schema\/logo\/image\/\"},\"sameAs\":[\"https:\/\/www.facebook.com\/regiedumail\/\",\"https:\/\/www.linkedin.com\/company\/regie-du-mail\/?originalSubdomain=fr\"]}]}<\/script>\n<!-- \/ Yoast SEO plugin. -->","yoast_head_json":{"title":"Contact | R\u00e9gie du Mail - Agence immobili\u00e8re \u00e0 Gen\u00e8ve","description":"La R\u00e9gie du mail is at your disposal for any purchase, sale or rental project in Geneva.","robots":{"index":"index","follow":"follow","max-snippet":"max-snippet:-1","max-image-preview":"max-image-preview:large","max-video-preview":"max-video-preview:-1"},"canonical":"https:\/\/www.regies.ch\/en\/contact\/","og_locale":"en_US","og_type":"article","og_title":"Contact | R\u00e9gie du Mail - Agence immobili\u00e8re \u00e0 Gen\u00e8ve","og_description":"La R\u00e9gie du mail is at your disposal for any purchase, sale or rental project in Geneva.","og_url":"https:\/\/www.regies.ch\/en\/contact\/","og_site_name":"R\u00e9gie du Mail - Agence immobili\u00e8re \u00e0 Gen\u00e8ve","article_publisher":"https:\/\/www.facebook.com\/regiedumail\/","article_modified_time":"2025-10-01T16:21:11+00:00","og_image":[{"url":"https:\/\/www.regies.ch\/wp-content\/uploads\/2022\/09\/REGIE-DU-MAIL-LOGO-site.png","type":"","width":"","height":""}],"twitter_card":"summary_large_image","twitter_misc":{"Est. reading time":"1 minute"},"schema":{"@context":"https:\/\/schema.org","@graph":[{"@type":"WebPage","@id":"https:\/\/www.regies.ch\/en\/contact\/","url":"https:\/\/www.regies.ch\/en\/contact\/","name":"Contact | R\u00e9gie du Mail - Agence immobili\u00e8re \u00e0 Gen\u00e8ve","isPartOf":{"@id":"https:\/\/www.regies.ch\/en\/#website"},"primaryImageOfPage":{"@id":"https:\/\/www.regies.ch\/en\/contact\/#primaryimage"},"image":{"@id":"https:\/\/www.regies.ch\/en\/contact\/#primaryimage"},"thumbnailUrl":"https:\/\/www.regies.ch\/wp-content\/uploads\/2022\/09\/REGIE-DU-MAIL-LOGO-site.png","datePublished":"2021-10-01T08:30:51+00:00","dateModified":"2025-10-01T16:21:11+00:00","description":"La R\u00e9gie du mail is at your disposal for any purchase, sale or rental project in Geneva.","breadcrumb":{"@id":"https:\/\/www.regies.ch\/en\/contact\/#breadcrumb"},"inLanguage":"en-US","potentialAction":[{"@type":"ReadAction","target":["https:\/\/www.regies.ch\/en\/contact\/"]}]},{"@type":"ImageObject","inLanguage":"en-US","@id":"https:\/\/www.regies.ch\/en\/contact\/#primaryimage","url":"https:\/\/www.regies.ch\/wp-content\/uploads\/2022\/09\/REGIE-DU-MAIL-LOGO-site.png","contentUrl":"https:\/\/www.regies.ch\/wp-content\/uploads\/2022\/09\/REGIE-DU-MAIL-LOGO-site.png"},{"@type":"BreadcrumbList","@id":"https:\/\/www.regies.ch\/en\/contact\/#breadcrumb","itemListElement":[{"@type":"ListItem","position":1,"name":"Accueil","item":"https:\/\/www.regies.ch\/en\/"},{"@type":"ListItem","position":2,"name":"Contact"}]},{"@type":"WebSite","@id":"https:\/\/www.regies.ch\/en\/#website","url":"https:\/\/www.regies.ch\/en\/","name":"R\u00e9gie du Mail | Agence immobili\u00e8re \u00e0 Gen\u00e8ve","description":"Agence immobili\u00e8re \u00e0 Gen\u00e8ve","publisher":{"@id":"https:\/\/www.regies.ch\/en\/#organization"},"potentialAction":[{"@type":"SearchAction","target":{"@type":"EntryPoint","urlTemplate":"https:\/\/www.regies.ch\/en\/?s={search_term_string}"},"query-input":{"@type":"PropertyValueSpecification","valueRequired":true,"valueName":"search_term_string"}}],"inLanguage":"en-US"},{"@type":"Organization","@id":"https:\/\/www.regies.ch\/en\/#organization","name":"R\u00e9gie du Mail | Agence immobili\u00e8re \u00e0 Gen\u00e8ve","url":"https:\/\/www.regies.ch\/en\/","logo":{"@type":"ImageObject","inLanguage":"en-US","@id":"https:\/\/www.regies.ch\/en\/#\/schema\/logo\/image\/","url":"https:\/\/www.regies.ch\/wp-content\/uploads\/2022\/09\/Logo_MAIL.png","contentUrl":"https:\/\/www.regies.ch\/wp-content\/uploads\/2022\/09\/Logo_MAIL.png","width":213,"height":64,"caption":"R\u00e9gie du Mail | Agence immobili\u00e8re \u00e0 Gen\u00e8ve"},"image":{"@id":"https:\/\/www.regies.ch\/en\/#\/schema\/logo\/image\/"},"sameAs":["https:\/\/www.facebook.com\/regiedumail\/","https:\/\/www.linkedin.com\/company\/regie-du-mail\/?originalSubdomain=fr"]}]}},"_links":{"self":[{"href":"https:\/\/www.regies.ch\/en\/wp-json\/wp\/v2\/pages\/5243","targetHints":{"allow":["GET"]}}],"collection":[{"href":"https:\/\/www.regies.ch\/en\/wp-json\/wp\/v2\/pages"}],"about":[{"href":"https:\/\/www.regies.ch\/en\/wp-json\/wp\/v2\/types\/page"}],"author":[{"embeddable":true,"href":"https:\/\/www.regies.ch\/en\/wp-json\/wp\/v2\/users\/1"}],"replies":[{"embeddable":true,"href":"https:\/\/www.regies.ch\/en\/wp-json\/wp\/v2\/comments?post=5243"}],"version-history":[{"count":4,"href":"https:\/\/www.regies.ch\/en\/wp-json\/wp\/v2\/pages\/5243\/revisions"}],"predecessor-version":[{"id":6551,"href":"https:\/\/www.regies.ch\/en\/wp-json\/wp\/v2\/pages\/5243\/revisions\/6551"}],"wp:attachment":[{"href":"https:\/\/www.regies.ch\/en\/wp-json\/wp\/v2\/media?parent=5243"}],"curies":[{"name":"wp","href":"https:\/\/api.w.org\/{rel}","templated":true}]}}