{"id":6014,"date":"2023-10-20T11:51:08","date_gmt":"2023-10-20T09:51:08","guid":{"rendered":"https:\/\/www.regies.ch\/legales-notices\/"},"modified":"2024-05-23T10:39:00","modified_gmt":"2024-05-23T08:39:00","slug":"legal-notices","status":"publish","type":"page","link":"https:\/\/www.regies.ch\/en\/legal-notices\/","title":{"rendered":"Legal notices"},"content":{"rendered":"\t\t<div data-elementor-type=\"wp-page\" data-elementor-id=\"6014\" class=\"elementor elementor-6014 elementor-5982\" data-elementor-post-type=\"page\">\n\t\t\t\t\t\t<section class=\"elementor-section elementor-top-section elementor-element elementor-element-526a9a45 elementor-section-boxed elementor-section-height-default elementor-section-height-default\" data-id=\"526a9a45\" data-element_type=\"section\">\n\t\t\t\t\t\t<div class=\"elementor-container elementor-column-gap-default\">\n\t\t\t\t\t<div class=\"elementor-column elementor-col-100 elementor-top-column elementor-element elementor-element-7d62a6da\" data-id=\"7d62a6da\" data-element_type=\"column\">\n\t\t\t<div class=\"elementor-widget-wrap elementor-element-populated\">\n\t\t\t\t\t\t<div class=\"elementor-element elementor-element-2667916d elementor-widget elementor-widget-text-editor\" data-id=\"2667916d\" data-element_type=\"widget\" data-widget_type=\"text-editor.default\">\n\t\t\t\t<div class=\"elementor-widget-container\">\n\t\t\t\t\t\t\t\t\t<h1>LEGAL NOTICES<\/h1><p><strong>Social reason<\/strong> : R\u00e9gie du Mail<br \/><strong>Address<\/strong>\u00a0: Rue Saint-Joseph 34, CP 1852, 1227 Carouge<br \/><strong>Phone<\/strong> : <a href=\"tel:+41%2022%20308%2019%2019\">+41 22 308 19 19<\/a><\/p><p>The website www.regies.ch is the website of the company R\u00e9gie du Mail.<\/p><p><strong>Publication director<\/strong>\u00a0:\u00a0<a href=\"https:\/\/www.ggcommunications.ch\/\" target=\"_blank\" rel=\"noopener\">G&amp;G communications<\/a><br \/><strong>Design<\/strong>\u00a0:\u00a0<a href=\"https:\/\/www.ggcommunications.ch\/\" target=\"_blank\" rel=\"noopener\">G&amp;G communications<\/a><\/p><h3><br \/>COPYRIGHT<\/h3><p>This entire site is subject to Swiss and international legislation on copyright and intellectual property. All reproduction rights are reserved, including downloadable documents and iconographic and photographic representations. The reproduction of all or part of this site on any electronic medium is strictly prohibited without express authorization from the publication director.<\/p><h3><br \/>PERSONAL DATA PROTECTION<\/h3><p>No personal information is collected without your knowledge. No personal information is disclosed to third parties. No personal information is used for unintended purposes. The information requested from you when subscribing to the site\u2019s publications and newsletters is essential for access to these documents.<br \/>The sole recipient of this information is R\u00e9gie du Mail, with whom the rights of access and rectification may be exercised.<br \/>Addresses of all types (postal or electronic mail) cannot under any circumstances be transferred to third parties or communicated for unintended purposes.<br \/>In accordance with the new data protection law (LPD) of September 1, 2023 relating to computing, files and freedoms, you have a right of access and rectification to information concerning you with the person responsible for the publication. To exercise this right, the Customer can send an email in the \u201ccontact us\u201d section.<\/p><h3><br \/>EDITING THE SITE<\/h3><p>The editorial team reserves the right to modify or correct the content of this site and this legal notice at any time without notice.<\/p><h3><br \/>DISCLAIMER<\/h3><p>It is up to the user of this site to take all appropriate measures to protect their own data and\/or software from contamination by possible viruses circulating on the Internet. R\u00e9gie du Mail cannot be held responsible for direct or indirect damage resulting from the use of this website. This website is governed by Swiss law.<\/p><h3><br \/>WEB HOSTING<\/h3><p>www.regies.ch is hosted by:<br \/>INFOMANIAK<br \/>Rue Eug\u00e8ne-Marziano 25 1227 Gen\u00e8ve, Suisse<br \/>+41 22 820 35 4a<br \/><br \/><\/p>\t\t\t\t\t\t\t\t<\/div>\n\t\t\t\t<\/div>\n\t\t\t\t\t<\/div>\n\t\t<\/div>\n\t\t\t\t\t<\/div>\n\t\t<\/section>\n\t\t\t\t<section class=\"elementor-section elementor-top-section elementor-element elementor-element-b68cdca elementor-section-full_width elementor-section-stretched elementor-section-height-default elementor-section-height-default\" data-id=\"b68cdca\" data-element_type=\"section\" data-settings=\"{&quot;background_background&quot;:&quot;classic&quot;,&quot;stretch_section&quot;:&quot;section-stretched&quot;}\">\n\t\t\t\t\t\t\t<div class=\"elementor-background-overlay\"><\/div>\n\t\t\t\t\t\t\t<div class=\"elementor-container elementor-column-gap-default\">\n\t\t\t\t\t<div class=\"elementor-column elementor-col-100 elementor-top-column elementor-element elementor-element-4ba8434\" data-id=\"4ba8434\" data-element_type=\"column\">\n\t\t\t<div class=\"elementor-widget-wrap elementor-element-populated\">\n\t\t\t\t\t\t<div class=\"elementor-element elementor-element-f0f3201 elementor-widget elementor-widget-spacer\" data-id=\"f0f3201\" data-element_type=\"widget\" data-widget_type=\"spacer.default\">\n\t\t\t\t<div class=\"elementor-widget-container\">\n\t\t\t\t\t\t\t<div class=\"elementor-spacer\">\n\t\t\t<div class=\"elementor-spacer-inner\"><\/div>\n\t\t<\/div>\n\t\t\t\t\t\t<\/div>\n\t\t\t\t<\/div>\n\t\t\t\t\t<\/div>\n\t\t<\/div>\n\t\t\t\t\t<\/div>\n\t\t<\/section>\n\t\t\t\t<section class=\"elementor-section elementor-top-section elementor-element elementor-element-edb85df elementor-section-boxed elementor-section-height-default elementor-section-height-default\" data-id=\"edb85df\" data-element_type=\"section\">\n\t\t\t\t\t\t<div class=\"elementor-container elementor-column-gap-default\">\n\t\t\t\t\t<div class=\"elementor-column elementor-col-100 elementor-top-column elementor-element elementor-element-ce1fee9\" data-id=\"ce1fee9\" data-element_type=\"column\">\n\t\t\t<div class=\"elementor-widget-wrap elementor-element-populated\">\n\t\t\t\t\t\t<div class=\"elementor-element elementor-element-3ffe47f elementor-nav-menu__align-center elementor-nav-menu--dropdown-tablet elementor-nav-menu__text-align-aside elementor-nav-menu--toggle elementor-nav-menu--burger elementor-widget elementor-widget-nav-menu\" data-id=\"3ffe47f\" data-element_type=\"widget\" data-settings=\"{&quot;layout&quot;:&quot;horizontal&quot;,&quot;submenu_icon&quot;:{&quot;value&quot;:&quot;&lt;i class=\\&quot;fas fa-caret-down\\&quot; aria-hidden=\\&quot;true\\&quot;&gt;&lt;\\\/i&gt;&quot;,&quot;library&quot;:&quot;fa-solid&quot;},&quot;toggle&quot;:&quot;burger&quot;}\" data-widget_type=\"nav-menu.default\">\n\t\t\t\t<div class=\"elementor-widget-container\">\n\t\t\t\t\t\t\t\t<nav aria-label=\"Menu\" class=\"elementor-nav-menu--main elementor-nav-menu__container elementor-nav-menu--layout-horizontal e--pointer-text e--animation-grow\">\n\t\t\t\t<ul id=\"menu-1-3ffe47f\" class=\"elementor-nav-menu\"><li class=\"menu-item menu-item-type-post_type menu-item-object-page menu-item-5301\"><a href=\"https:\/\/www.regies.ch\/en\/about-us\/\" class=\"elementor-item\">ABOUT US<\/a><\/li>\n<li class=\"menu-item menu-item-type-post_type menu-item-object-page menu-item-5302\"><a href=\"https:\/\/www.regies.ch\/en\/your-contacts\/\" class=\"elementor-item\">YOUR CONTACTS<\/a><\/li>\n<li class=\"menu-item menu-item-type-post_type menu-item-object-page menu-item-5303\"><a href=\"https:\/\/www.regies.ch\/en\/quotations\/\" class=\"elementor-item\">QUOTATIONS<\/a><\/li>\n<li class=\"menu-item menu-item-type-post_type menu-item-object-page menu-item-5305\"><a href=\"https:\/\/www.regies.ch\/en\/faqs\/\" class=\"elementor-item\">FAQ\u2019s<\/a><\/li>\n<\/ul>\t\t\t<\/nav>\n\t\t\t\t\t<div class=\"elementor-menu-toggle\" role=\"button\" tabindex=\"0\" aria-label=\"Menu Toggle\" aria-expanded=\"false\">\n\t\t\t<i aria-hidden=\"true\" role=\"presentation\" class=\"elementor-menu-toggle__icon--open eicon-menu-bar\"><\/i><i aria-hidden=\"true\" role=\"presentation\" class=\"elementor-menu-toggle__icon--close eicon-close\"><\/i>\t\t<\/div>\n\t\t\t\t\t<nav class=\"elementor-nav-menu--dropdown elementor-nav-menu__container\" aria-hidden=\"true\">\n\t\t\t\t<ul id=\"menu-2-3ffe47f\" class=\"elementor-nav-menu\"><li class=\"menu-item menu-item-type-post_type menu-item-object-page menu-item-5301\"><a href=\"https:\/\/www.regies.ch\/en\/about-us\/\" class=\"elementor-item\" tabindex=\"-1\">ABOUT US<\/a><\/li>\n<li class=\"menu-item menu-item-type-post_type menu-item-object-page menu-item-5302\"><a href=\"https:\/\/www.regies.ch\/en\/your-contacts\/\" class=\"elementor-item\" tabindex=\"-1\">YOUR CONTACTS<\/a><\/li>\n<li class=\"menu-item menu-item-type-post_type menu-item-object-page menu-item-5303\"><a href=\"https:\/\/www.regies.ch\/en\/quotations\/\" class=\"elementor-item\" tabindex=\"-1\">QUOTATIONS<\/a><\/li>\n<li class=\"menu-item menu-item-type-post_type menu-item-object-page menu-item-5305\"><a href=\"https:\/\/www.regies.ch\/en\/faqs\/\" class=\"elementor-item\" tabindex=\"-1\">FAQ\u2019s<\/a><\/li>\n<\/ul>\t\t\t<\/nav>\n\t\t\t\t\t\t<\/div>\n\t\t\t\t<\/div>\n\t\t\t\t\t<\/div>\n\t\t<\/div>\n\t\t\t\t\t<\/div>\n\t\t<\/section>\n\t\t\t\t<\/div>\n\t\t","protected":false},"excerpt":{"rendered":"<p>LEGAL NOTICES Social reason : R\u00e9gie du MailAddress\u00a0: Rue Saint-Joseph 34, CP 1852, 1227 CarougePhone : +41 22 308 19 19 The website www.regies.ch is the website of the company R\u00e9gie du Mail. Publication director\u00a0:\u00a0G&amp;G communicationsDesign\u00a0:\u00a0G&amp;G communications COPYRIGHT This entire site is subject to Swiss and international legislation on copyright and intellectual property. All reproduction rights are reserved, including downloadable&#8230;<\/p>\n","protected":false},"author":1,"featured_media":0,"parent":0,"menu_order":0,"comment_status":"closed","ping_status":"open","template":"","meta":{"_monsterinsights_skip_tracking":false,"_monsterinsights_sitenote_active":false,"_monsterinsights_sitenote_note":"","_monsterinsights_sitenote_category":0,"footnotes":"","_links_to":"","_links_to_target":""},"class_list":["post-6014","page","type-page","status-publish","hentry"],"yoast_head":"<!-- This site is optimized with the Yoast SEO plugin v26.3 - https:\/\/yoast.com\/wordpress\/plugins\/seo\/ -->\n<title>Legal notices | R\u00e9gie du Mail - Agence immobili\u00e8re \u00e0 Gen\u00e8ve<\/title>\n<meta name=\"robots\" content=\"index, follow, max-snippet:-1, max-image-preview:large, max-video-preview:-1\" \/>\n<link rel=\"canonical\" href=\"https:\/\/www.regies.ch\/en\/legal-notices\/\" \/>\n<meta property=\"og:locale\" content=\"en_US\" \/>\n<meta property=\"og:type\" content=\"article\" \/>\n<meta property=\"og:title\" content=\"Legal notices | R\u00e9gie du Mail - Agence immobili\u00e8re \u00e0 Gen\u00e8ve\" \/>\n<meta property=\"og:description\" content=\"LEGAL NOTICES Social reason : R\u00e9gie du MailAddress\u00a0: Rue Saint-Joseph 34, CP 1852, 1227 CarougePhone : +41 22 308 19 19 The website www.regies.ch is the website of the company R\u00e9gie du Mail. Publication director\u00a0:\u00a0G&amp;G communicationsDesign\u00a0:\u00a0G&amp;G communications COPYRIGHT This entire site is subject to Swiss and international legislation on copyright and intellectual property. All reproduction rights are reserved, including downloadable...\" \/>\n<meta property=\"og:url\" content=\"https:\/\/www.regies.ch\/en\/legal-notices\/\" \/>\n<meta property=\"og:site_name\" content=\"R\u00e9gie du Mail - Agence immobili\u00e8re \u00e0 Gen\u00e8ve\" \/>\n<meta property=\"article:publisher\" content=\"https:\/\/www.facebook.com\/regiedumail\/\" \/>\n<meta property=\"article:modified_time\" content=\"2024-05-23T08:39:00+00:00\" \/>\n<meta name=\"twitter:card\" content=\"summary_large_image\" \/>\n<meta name=\"twitter:label1\" content=\"Est. reading time\" \/>\n\t<meta name=\"twitter:data1\" content=\"2 minutes\" \/>\n<script type=\"application\/ld+json\" class=\"yoast-schema-graph\">{\"@context\":\"https:\/\/schema.org\",\"@graph\":[{\"@type\":\"WebPage\",\"@id\":\"https:\/\/www.regies.ch\/en\/legal-notices\/\",\"url\":\"https:\/\/www.regies.ch\/en\/legal-notices\/\",\"name\":\"Legal notices | R\u00e9gie du Mail - Agence immobili\u00e8re \u00e0 Gen\u00e8ve\",\"isPartOf\":{\"@id\":\"https:\/\/www.regies.ch\/en\/#website\"},\"datePublished\":\"2023-10-20T09:51:08+00:00\",\"dateModified\":\"2024-05-23T08:39:00+00:00\",\"breadcrumb\":{\"@id\":\"https:\/\/www.regies.ch\/en\/legal-notices\/#breadcrumb\"},\"inLanguage\":\"en-US\",\"potentialAction\":[{\"@type\":\"ReadAction\",\"target\":[\"https:\/\/www.regies.ch\/en\/legal-notices\/\"]}]},{\"@type\":\"BreadcrumbList\",\"@id\":\"https:\/\/www.regies.ch\/en\/legal-notices\/#breadcrumb\",\"itemListElement\":[{\"@type\":\"ListItem\",\"position\":1,\"name\":\"Accueil\",\"item\":\"https:\/\/www.regies.ch\/en\/\"},{\"@type\":\"ListItem\",\"position\":2,\"name\":\"Legal notices\"}]},{\"@type\":\"WebSite\",\"@id\":\"https:\/\/www.regies.ch\/en\/#website\",\"url\":\"https:\/\/www.regies.ch\/en\/\",\"name\":\"R\u00e9gie du Mail | Agence immobili\u00e8re \u00e0 Gen\u00e8ve\",\"description\":\"Agence immobili\u00e8re \u00e0 Gen\u00e8ve\",\"publisher\":{\"@id\":\"https:\/\/www.regies.ch\/en\/#organization\"},\"potentialAction\":[{\"@type\":\"SearchAction\",\"target\":{\"@type\":\"EntryPoint\",\"urlTemplate\":\"https:\/\/www.regies.ch\/en\/?s={search_term_string}\"},\"query-input\":{\"@type\":\"PropertyValueSpecification\",\"valueRequired\":true,\"valueName\":\"search_term_string\"}}],\"inLanguage\":\"en-US\"},{\"@type\":\"Organization\",\"@id\":\"https:\/\/www.regies.ch\/en\/#organization\",\"name\":\"R\u00e9gie du Mail | Agence immobili\u00e8re \u00e0 Gen\u00e8ve\",\"url\":\"https:\/\/www.regies.ch\/en\/\",\"logo\":{\"@type\":\"ImageObject\",\"inLanguage\":\"en-US\",\"@id\":\"https:\/\/www.regies.ch\/en\/#\/schema\/logo\/image\/\",\"url\":\"https:\/\/www.regies.ch\/wp-content\/uploads\/2022\/09\/Logo_MAIL.png\",\"contentUrl\":\"https:\/\/www.regies.ch\/wp-content\/uploads\/2022\/09\/Logo_MAIL.png\",\"width\":213,\"height\":64,\"caption\":\"R\u00e9gie du Mail | Agence immobili\u00e8re \u00e0 Gen\u00e8ve\"},\"image\":{\"@id\":\"https:\/\/www.regies.ch\/en\/#\/schema\/logo\/image\/\"},\"sameAs\":[\"https:\/\/www.facebook.com\/regiedumail\/\",\"https:\/\/www.linkedin.com\/company\/regie-du-mail\/?originalSubdomain=fr\"]}]}<\/script>\n<!-- \/ Yoast SEO plugin. -->","yoast_head_json":{"title":"Legal notices | R\u00e9gie du Mail - Agence immobili\u00e8re \u00e0 Gen\u00e8ve","robots":{"index":"index","follow":"follow","max-snippet":"max-snippet:-1","max-image-preview":"max-image-preview:large","max-video-preview":"max-video-preview:-1"},"canonical":"https:\/\/www.regies.ch\/en\/legal-notices\/","og_locale":"en_US","og_type":"article","og_title":"Legal notices | R\u00e9gie du Mail - Agence immobili\u00e8re \u00e0 Gen\u00e8ve","og_description":"LEGAL NOTICES Social reason : R\u00e9gie du MailAddress\u00a0: Rue Saint-Joseph 34, CP 1852, 1227 CarougePhone : +41 22 308 19 19 The website www.regies.ch is the website of the company R\u00e9gie du Mail. Publication director\u00a0:\u00a0G&amp;G communicationsDesign\u00a0:\u00a0G&amp;G communications COPYRIGHT This entire site is subject to Swiss and international legislation on copyright and intellectual property. All reproduction rights are reserved, including downloadable...","og_url":"https:\/\/www.regies.ch\/en\/legal-notices\/","og_site_name":"R\u00e9gie du Mail - Agence immobili\u00e8re \u00e0 Gen\u00e8ve","article_publisher":"https:\/\/www.facebook.com\/regiedumail\/","article_modified_time":"2024-05-23T08:39:00+00:00","twitter_card":"summary_large_image","twitter_misc":{"Est. reading time":"2 minutes"},"schema":{"@context":"https:\/\/schema.org","@graph":[{"@type":"WebPage","@id":"https:\/\/www.regies.ch\/en\/legal-notices\/","url":"https:\/\/www.regies.ch\/en\/legal-notices\/","name":"Legal notices | R\u00e9gie du Mail - Agence immobili\u00e8re \u00e0 Gen\u00e8ve","isPartOf":{"@id":"https:\/\/www.regies.ch\/en\/#website"},"datePublished":"2023-10-20T09:51:08+00:00","dateModified":"2024-05-23T08:39:00+00:00","breadcrumb":{"@id":"https:\/\/www.regies.ch\/en\/legal-notices\/#breadcrumb"},"inLanguage":"en-US","potentialAction":[{"@type":"ReadAction","target":["https:\/\/www.regies.ch\/en\/legal-notices\/"]}]},{"@type":"BreadcrumbList","@id":"https:\/\/www.regies.ch\/en\/legal-notices\/#breadcrumb","itemListElement":[{"@type":"ListItem","position":1,"name":"Accueil","item":"https:\/\/www.regies.ch\/en\/"},{"@type":"ListItem","position":2,"name":"Legal notices"}]},{"@type":"WebSite","@id":"https:\/\/www.regies.ch\/en\/#website","url":"https:\/\/www.regies.ch\/en\/","name":"R\u00e9gie du Mail | Agence immobili\u00e8re \u00e0 Gen\u00e8ve","description":"Agence immobili\u00e8re \u00e0 Gen\u00e8ve","publisher":{"@id":"https:\/\/www.regies.ch\/en\/#organization"},"potentialAction":[{"@type":"SearchAction","target":{"@type":"EntryPoint","urlTemplate":"https:\/\/www.regies.ch\/en\/?s={search_term_string}"},"query-input":{"@type":"PropertyValueSpecification","valueRequired":true,"valueName":"search_term_string"}}],"inLanguage":"en-US"},{"@type":"Organization","@id":"https:\/\/www.regies.ch\/en\/#organization","name":"R\u00e9gie du Mail | Agence immobili\u00e8re \u00e0 Gen\u00e8ve","url":"https:\/\/www.regies.ch\/en\/","logo":{"@type":"ImageObject","inLanguage":"en-US","@id":"https:\/\/www.regies.ch\/en\/#\/schema\/logo\/image\/","url":"https:\/\/www.regies.ch\/wp-content\/uploads\/2022\/09\/Logo_MAIL.png","contentUrl":"https:\/\/www.regies.ch\/wp-content\/uploads\/2022\/09\/Logo_MAIL.png","width":213,"height":64,"caption":"R\u00e9gie du Mail | Agence immobili\u00e8re \u00e0 Gen\u00e8ve"},"image":{"@id":"https:\/\/www.regies.ch\/en\/#\/schema\/logo\/image\/"},"sameAs":["https:\/\/www.facebook.com\/regiedumail\/","https:\/\/www.linkedin.com\/company\/regie-du-mail\/?originalSubdomain=fr"]}]}},"_links":{"self":[{"href":"https:\/\/www.regies.ch\/en\/wp-json\/wp\/v2\/pages\/6014","targetHints":{"allow":["GET"]}}],"collection":[{"href":"https:\/\/www.regies.ch\/en\/wp-json\/wp\/v2\/pages"}],"about":[{"href":"https:\/\/www.regies.ch\/en\/wp-json\/wp\/v2\/types\/page"}],"author":[{"embeddable":true,"href":"https:\/\/www.regies.ch\/en\/wp-json\/wp\/v2\/users\/1"}],"replies":[{"embeddable":true,"href":"https:\/\/www.regies.ch\/en\/wp-json\/wp\/v2\/comments?post=6014"}],"version-history":[{"count":0,"href":"https:\/\/www.regies.ch\/en\/wp-json\/wp\/v2\/pages\/6014\/revisions"}],"wp:attachment":[{"href":"https:\/\/www.regies.ch\/en\/wp-json\/wp\/v2\/media?parent=6014"}],"curies":[{"name":"wp","href":"https:\/\/api.w.org\/{rel}","templated":true}]}}